{"id":1341,"date":"2023-10-12T18:52:08","date_gmt":"2023-10-12T18:52:08","guid":{"rendered":"https:\/\/labessebio.com\/?post_type=product&#038;p=1341"},"modified":"2023-12-14T16:11:26","modified_gmt":"2023-12-14T16:11:26","slug":"crema-hidronutritiva-aloe-vera-y-coco","status":"publish","type":"product","link":"https:\/\/labessebio.com\/index.php\/producto\/crema-hidronutritiva-aloe-vera-y-coco\/","title":{"rendered":"Crema hidronutritiva aloe vera y coco"},"content":{"rendered":"<hr \/>\n<h4><strong>DESCRIPCI\u00d3N<\/strong><\/h4>\n<p>Experimenta una hidrataci\u00f3n profunda y nutrici\u00f3n intensa la <strong>crema hidronutritiva Aloe + Coco Labesse<\/strong>. Con el poder regenerador y calmante del <strong>Aloe Vera<\/strong> y las propiedades nutritivas del <strong>aceite de macadamia<\/strong>, esta f\u00f3rmula se convierte en el elixir perfecto para pieles que buscan confort y suavidad.<\/p>\n<p>La <strong>manteca de karit\u00e9<\/strong> enriquece la crema, otorgando una textura rica y cremosa, mientras el aroma sutil de coco transporta los sentidos a un oasis tropical. Adem\u00e1s, su composici\u00f3n incluye ingredientes como la cera alba y el aceite de girasol, que potencian la hidrataci\u00f3n y aportan antioxidantes esenciales.<\/p>\n<p>Dise\u00f1ada con ingredientes ecol\u00f3gicos certificados, nuestra crema hidronutritiva no solo cuida tu piel, sino que tambi\u00e9n respeta el medio ambiente. Ideal para un mimo diario y una piel radiante.<\/p>\n<hr \/>\n<h4><strong>INGREDIENTES<\/strong><\/h4>\n<p>AQUA, CAPRYLIC CAPRIC TRIGLYCERIDE, CYCLOPENTASILOXANE,\u00a0<span class=\"marks1u4nnxkc\" data-markjs=\"true\" data-ogac=\"\" data-ogab=\"\" data-ogsc=\"\" data-ogsb=\"\">ALOE<\/span>\u00a0BARBAENSIS LEAF JUICE*, GLYCERYL STEARATE CITRATE, GLYCERIN, CETEARYL ALCOHOL, MACADAMIA TERNIFOLIA SEED OIL, CERA ALBA, STEARIC ACID, GLYCERYL STEARATE, CETYL ALCOHOL, PHENOCYETHANOL, BUTYROSPERMUM PARKII BUTTER*, PARFUM, XANTHAN GUM, DISODIUM EDTA, ETHYLHEXYLGLYCERIN, TODOPHEROL, HELIANTHUS ANNUUS SEED OIL, COUMARIN**, LIMONENE**.<\/p>\n<p>(*) Ingredientes ecol\u00f3gicos certificados<\/p>\n<p>(**) COMPONENTES NATURALES PRESENTES EN LOS ACEITES ESENCIALES<\/p>\n<hr \/>\n<h4 style=\"text-align: center;\">ALOE VERA &#8211; ACEITE DE MACADAMIA &#8211; MANTECA DE KARIT\u00c9 &#8211; VITAMINE E<\/h4>\n<hr \/>\n<p><strong>Capacidad de 90ml<\/strong><\/p>\n<hr \/>\n<h4><strong>MODO DE EMPLEO<\/strong><\/h4>\n<p>Aplicar una cantidad moderada sobre la piel limpia, masajeando suavemente hasta su completa absorci\u00f3n. \u00dasala diariamente para obtener mejores resultados.<\/p>\n","protected":false},"excerpt":{"rendered":"<p>Crema enriquecida con Aloe Barbadensis y aceite de macadamia, que proporciona hidrataci\u00f3n y nutrici\u00f3n. Su textura cremosa, potenciada por la manteca de karit\u00e9, deja la piel suave, mientras el aroma de coco despierta los sentidos.<\/p>\n","protected":false},"featured_media":1342,"comment_status":"open","ping_status":"closed","template":"","meta":{"jetpack_post_was_ever_published":false},"product_brand":[],"product_cat":[47],"product_tag":[55,56],"class_list":{"0":"post-1341","1":"product","2":"type-product","3":"status-publish","4":"has-post-thumbnail","6":"product_cat-aloe-vera","7":"product_tag-cara","8":"product_tag-cuerpo","10":"first","11":"instock","12":"taxable","13":"shipping-taxable","14":"purchasable","15":"product-type-simple"},"yoast_head":"<!-- This site is optimized with the Yoast SEO plugin v27.6 - https:\/\/yoast.com\/product\/yoast-seo-wordpress\/ -->\n<title>Crema hidronutritiva aloe vera y coco - LABESSE BIO<\/title>\n<meta name=\"description\" content=\"Crema facial enriquecida con Aloe Barbadensis y aceite de macadamia, que proporciona hidrataci\u00f3n y nutrici\u00f3n. Su textura cremosa, potenciada por la manteca de karit\u00e9, deja la piel suave, mientras el aroma de coco despierta los sentidos.\" \/>\n<meta name=\"robots\" content=\"index, follow, max-snippet:-1, max-image-preview:large, max-video-preview:-1\" \/>\n<link rel=\"canonical\" href=\"https:\/\/labessebio.com\/index.php\/producto\/crema-hidronutritiva-aloe-vera-y-coco\/\" \/>\n<meta property=\"og:locale\" content=\"es_ES\" \/>\n<meta property=\"og:type\" content=\"article\" \/>\n<meta property=\"og:title\" content=\"Crema hidronutritiva aloe vera y coco - LABESSE BIO\" \/>\n<meta property=\"og:description\" content=\"Crema facial enriquecida con Aloe Barbadensis y aceite de macadamia, que proporciona hidrataci\u00f3n y nutrici\u00f3n. Su textura cremosa, potenciada por la manteca de karit\u00e9, deja la piel suave, mientras el aroma de coco despierta los sentidos.\" \/>\n<meta property=\"og:url\" content=\"https:\/\/labessebio.com\/index.php\/producto\/crema-hidronutritiva-aloe-vera-y-coco\/\" \/>\n<meta property=\"og:site_name\" content=\"LABESSE BIO\" \/>\n<meta property=\"article:modified_time\" content=\"2023-12-14T16:11:26+00:00\" \/>\n<meta property=\"og:image\" content=\"https:\/\/labessebio.com\/wp-content\/uploads\/2023\/10\/CREMA-ALOE-COCO-HIDRONUTRITIVA-1000px.jpg\" \/>\n\t<meta property=\"og:image:width\" content=\"1000\" \/>\n\t<meta property=\"og:image:height\" content=\"1000\" \/>\n\t<meta property=\"og:image:type\" content=\"image\/jpeg\" \/>\n<meta name=\"twitter:card\" content=\"summary_large_image\" \/>\n<meta name=\"twitter:label1\" content=\"Tiempo de lectura\" \/>\n\t<meta name=\"twitter:data1\" content=\"1 minuto\" \/>\n<script type=\"application\/ld+json\" class=\"yoast-schema-graph\">{\"@context\":\"https:\\\/\\\/schema.org\",\"@graph\":[{\"@type\":\"WebPage\",\"@id\":\"https:\\\/\\\/labessebio.com\\\/index.php\\\/producto\\\/crema-hidronutritiva-aloe-vera-y-coco\\\/\",\"url\":\"https:\\\/\\\/labessebio.com\\\/index.php\\\/producto\\\/crema-hidronutritiva-aloe-vera-y-coco\\\/\",\"name\":\"Crema hidronutritiva aloe vera y coco - LABESSE BIO\",\"isPartOf\":{\"@id\":\"https:\\\/\\\/labessebio.com\\\/#website\"},\"primaryImageOfPage\":{\"@id\":\"https:\\\/\\\/labessebio.com\\\/index.php\\\/producto\\\/crema-hidronutritiva-aloe-vera-y-coco\\\/#primaryimage\"},\"image\":{\"@id\":\"https:\\\/\\\/labessebio.com\\\/index.php\\\/producto\\\/crema-hidronutritiva-aloe-vera-y-coco\\\/#primaryimage\"},\"thumbnailUrl\":\"https:\\\/\\\/labessebio.com\\\/wp-content\\\/uploads\\\/2023\\\/10\\\/CREMA-ALOE-COCO-HIDRONUTRITIVA-1000px.jpg\",\"datePublished\":\"2023-10-12T18:52:08+00:00\",\"dateModified\":\"2023-12-14T16:11:26+00:00\",\"description\":\"Crema facial enriquecida con Aloe Barbadensis y aceite de macadamia, que proporciona hidrataci\u00f3n y nutrici\u00f3n. Su textura cremosa, potenciada por la manteca de karit\u00e9, deja la piel suave, mientras el aroma de coco despierta los sentidos.\",\"breadcrumb\":{\"@id\":\"https:\\\/\\\/labessebio.com\\\/index.php\\\/producto\\\/crema-hidronutritiva-aloe-vera-y-coco\\\/#breadcrumb\"},\"inLanguage\":\"es\",\"potentialAction\":[{\"@type\":\"ReadAction\",\"target\":[\"https:\\\/\\\/labessebio.com\\\/index.php\\\/producto\\\/crema-hidronutritiva-aloe-vera-y-coco\\\/\"]}]},{\"@type\":\"ImageObject\",\"inLanguage\":\"es\",\"@id\":\"https:\\\/\\\/labessebio.com\\\/index.php\\\/producto\\\/crema-hidronutritiva-aloe-vera-y-coco\\\/#primaryimage\",\"url\":\"https:\\\/\\\/labessebio.com\\\/wp-content\\\/uploads\\\/2023\\\/10\\\/CREMA-ALOE-COCO-HIDRONUTRITIVA-1000px.jpg\",\"contentUrl\":\"https:\\\/\\\/labessebio.com\\\/wp-content\\\/uploads\\\/2023\\\/10\\\/CREMA-ALOE-COCO-HIDRONUTRITIVA-1000px.jpg\",\"width\":1000,\"height\":1000},{\"@type\":\"BreadcrumbList\",\"@id\":\"https:\\\/\\\/labessebio.com\\\/index.php\\\/producto\\\/crema-hidronutritiva-aloe-vera-y-coco\\\/#breadcrumb\",\"itemListElement\":[{\"@type\":\"ListItem\",\"position\":1,\"name\":\"Portada\",\"item\":\"https:\\\/\\\/labessebio.com\\\/\"},{\"@type\":\"ListItem\",\"position\":2,\"name\":\"La tienda\",\"item\":\"https:\\\/\\\/labessebio.com\\\/index.php\\\/la-tienda\\\/\"},{\"@type\":\"ListItem\",\"position\":3,\"name\":\"Crema hidronutritiva aloe vera y coco\"}]},{\"@type\":\"WebSite\",\"@id\":\"https:\\\/\\\/labessebio.com\\\/#website\",\"url\":\"https:\\\/\\\/labessebio.com\\\/\",\"name\":\"LABESSE BIO\",\"description\":\"Cosm\u00e9tica natural, bio y vegana\",\"publisher\":{\"@id\":\"https:\\\/\\\/labessebio.com\\\/#organization\"},\"potentialAction\":[{\"@type\":\"SearchAction\",\"target\":{\"@type\":\"EntryPoint\",\"urlTemplate\":\"https:\\\/\\\/labessebio.com\\\/?s={search_term_string}\"},\"query-input\":{\"@type\":\"PropertyValueSpecification\",\"valueRequired\":true,\"valueName\":\"search_term_string\"}}],\"inLanguage\":\"es\"},{\"@type\":\"Organization\",\"@id\":\"https:\\\/\\\/labessebio.com\\\/#organization\",\"name\":\"LABESSE BIO\",\"url\":\"https:\\\/\\\/labessebio.com\\\/\",\"logo\":{\"@type\":\"ImageObject\",\"inLanguage\":\"es\",\"@id\":\"https:\\\/\\\/labessebio.com\\\/#\\\/schema\\\/logo\\\/image\\\/\",\"url\":\"https:\\\/\\\/labessebio.com\\\/wp-content\\\/uploads\\\/2023\\\/09\\\/cropped-logolabesseweb-1.png\",\"contentUrl\":\"https:\\\/\\\/labessebio.com\\\/wp-content\\\/uploads\\\/2023\\\/09\\\/cropped-logolabesseweb-1.png\",\"width\":300,\"height\":129,\"caption\":\"LABESSE BIO\"},\"image\":{\"@id\":\"https:\\\/\\\/labessebio.com\\\/#\\\/schema\\\/logo\\\/image\\\/\"}}]}<\/script>\n<!-- \/ Yoast SEO plugin. -->","yoast_head_json":{"title":"Crema hidronutritiva aloe vera y coco - LABESSE BIO","description":"Crema facial enriquecida con Aloe Barbadensis y aceite de macadamia, que proporciona hidrataci\u00f3n y nutrici\u00f3n. Su textura cremosa, potenciada por la manteca de karit\u00e9, deja la piel suave, mientras el aroma de coco despierta los sentidos.","robots":{"index":"index","follow":"follow","max-snippet":"max-snippet:-1","max-image-preview":"max-image-preview:large","max-video-preview":"max-video-preview:-1"},"canonical":"https:\/\/labessebio.com\/index.php\/producto\/crema-hidronutritiva-aloe-vera-y-coco\/","og_locale":"es_ES","og_type":"article","og_title":"Crema hidronutritiva aloe vera y coco - LABESSE BIO","og_description":"Crema facial enriquecida con Aloe Barbadensis y aceite de macadamia, que proporciona hidrataci\u00f3n y nutrici\u00f3n. Su textura cremosa, potenciada por la manteca de karit\u00e9, deja la piel suave, mientras el aroma de coco despierta los sentidos.","og_url":"https:\/\/labessebio.com\/index.php\/producto\/crema-hidronutritiva-aloe-vera-y-coco\/","og_site_name":"LABESSE BIO","article_modified_time":"2023-12-14T16:11:26+00:00","og_image":[{"width":1000,"height":1000,"url":"https:\/\/labessebio.com\/wp-content\/uploads\/2023\/10\/CREMA-ALOE-COCO-HIDRONUTRITIVA-1000px.jpg","type":"image\/jpeg"}],"twitter_card":"summary_large_image","twitter_misc":{"Tiempo de lectura":"1 minuto"},"schema":{"@context":"https:\/\/schema.org","@graph":[{"@type":"WebPage","@id":"https:\/\/labessebio.com\/index.php\/producto\/crema-hidronutritiva-aloe-vera-y-coco\/","url":"https:\/\/labessebio.com\/index.php\/producto\/crema-hidronutritiva-aloe-vera-y-coco\/","name":"Crema hidronutritiva aloe vera y coco - LABESSE BIO","isPartOf":{"@id":"https:\/\/labessebio.com\/#website"},"primaryImageOfPage":{"@id":"https:\/\/labessebio.com\/index.php\/producto\/crema-hidronutritiva-aloe-vera-y-coco\/#primaryimage"},"image":{"@id":"https:\/\/labessebio.com\/index.php\/producto\/crema-hidronutritiva-aloe-vera-y-coco\/#primaryimage"},"thumbnailUrl":"https:\/\/labessebio.com\/wp-content\/uploads\/2023\/10\/CREMA-ALOE-COCO-HIDRONUTRITIVA-1000px.jpg","datePublished":"2023-10-12T18:52:08+00:00","dateModified":"2023-12-14T16:11:26+00:00","description":"Crema facial enriquecida con Aloe Barbadensis y aceite de macadamia, que proporciona hidrataci\u00f3n y nutrici\u00f3n. Su textura cremosa, potenciada por la manteca de karit\u00e9, deja la piel suave, mientras el aroma de coco despierta los sentidos.","breadcrumb":{"@id":"https:\/\/labessebio.com\/index.php\/producto\/crema-hidronutritiva-aloe-vera-y-coco\/#breadcrumb"},"inLanguage":"es","potentialAction":[{"@type":"ReadAction","target":["https:\/\/labessebio.com\/index.php\/producto\/crema-hidronutritiva-aloe-vera-y-coco\/"]}]},{"@type":"ImageObject","inLanguage":"es","@id":"https:\/\/labessebio.com\/index.php\/producto\/crema-hidronutritiva-aloe-vera-y-coco\/#primaryimage","url":"https:\/\/labessebio.com\/wp-content\/uploads\/2023\/10\/CREMA-ALOE-COCO-HIDRONUTRITIVA-1000px.jpg","contentUrl":"https:\/\/labessebio.com\/wp-content\/uploads\/2023\/10\/CREMA-ALOE-COCO-HIDRONUTRITIVA-1000px.jpg","width":1000,"height":1000},{"@type":"BreadcrumbList","@id":"https:\/\/labessebio.com\/index.php\/producto\/crema-hidronutritiva-aloe-vera-y-coco\/#breadcrumb","itemListElement":[{"@type":"ListItem","position":1,"name":"Portada","item":"https:\/\/labessebio.com\/"},{"@type":"ListItem","position":2,"name":"La tienda","item":"https:\/\/labessebio.com\/index.php\/la-tienda\/"},{"@type":"ListItem","position":3,"name":"Crema hidronutritiva aloe vera y coco"}]},{"@type":"WebSite","@id":"https:\/\/labessebio.com\/#website","url":"https:\/\/labessebio.com\/","name":"LABESSE BIO","description":"Cosm\u00e9tica natural, bio y vegana","publisher":{"@id":"https:\/\/labessebio.com\/#organization"},"potentialAction":[{"@type":"SearchAction","target":{"@type":"EntryPoint","urlTemplate":"https:\/\/labessebio.com\/?s={search_term_string}"},"query-input":{"@type":"PropertyValueSpecification","valueRequired":true,"valueName":"search_term_string"}}],"inLanguage":"es"},{"@type":"Organization","@id":"https:\/\/labessebio.com\/#organization","name":"LABESSE BIO","url":"https:\/\/labessebio.com\/","logo":{"@type":"ImageObject","inLanguage":"es","@id":"https:\/\/labessebio.com\/#\/schema\/logo\/image\/","url":"https:\/\/labessebio.com\/wp-content\/uploads\/2023\/09\/cropped-logolabesseweb-1.png","contentUrl":"https:\/\/labessebio.com\/wp-content\/uploads\/2023\/09\/cropped-logolabesseweb-1.png","width":300,"height":129,"caption":"LABESSE BIO"},"image":{"@id":"https:\/\/labessebio.com\/#\/schema\/logo\/image\/"}}]}},"jetpack_sharing_enabled":true,"_links":{"self":[{"href":"https:\/\/labessebio.com\/index.php\/wp-json\/wp\/v2\/product\/1341","targetHints":{"allow":["GET"]}}],"collection":[{"href":"https:\/\/labessebio.com\/index.php\/wp-json\/wp\/v2\/product"}],"about":[{"href":"https:\/\/labessebio.com\/index.php\/wp-json\/wp\/v2\/types\/product"}],"replies":[{"embeddable":true,"href":"https:\/\/labessebio.com\/index.php\/wp-json\/wp\/v2\/comments?post=1341"}],"wp:featuredmedia":[{"embeddable":true,"href":"https:\/\/labessebio.com\/index.php\/wp-json\/wp\/v2\/media\/1342"}],"wp:attachment":[{"href":"https:\/\/labessebio.com\/index.php\/wp-json\/wp\/v2\/media?parent=1341"}],"wp:term":[{"taxonomy":"product_brand","embeddable":true,"href":"https:\/\/labessebio.com\/index.php\/wp-json\/wp\/v2\/product_brand?post=1341"},{"taxonomy":"product_cat","embeddable":true,"href":"https:\/\/labessebio.com\/index.php\/wp-json\/wp\/v2\/product_cat?post=1341"},{"taxonomy":"product_tag","embeddable":true,"href":"https:\/\/labessebio.com\/index.php\/wp-json\/wp\/v2\/product_tag?post=1341"}],"curies":[{"name":"wp","href":"https:\/\/api.w.org\/{rel}","templated":true}]}}