{"id":1333,"date":"2023-10-12T18:19:58","date_gmt":"2023-10-12T18:19:58","guid":{"rendered":"https:\/\/labessebio.com\/?post_type=product&#038;p=1333"},"modified":"2025-05-12T00:57:09","modified_gmt":"2025-05-12T00:57:09","slug":"contorno-de-ojos-vintage","status":"publish","type":"product","link":"https:\/\/labessebio.com\/index.php\/producto\/contorno-de-ojos-vintage\/","title":{"rendered":"Contorno de ojos Vint&#8217;\u00e2ge"},"content":{"rendered":"<hr \/>\n<h4><strong>DESCRIPCI\u00d3N<\/strong><\/h4>\n<p>El contorno de ojos Vint&#8217;\u00e2ge es una alquimia natural dise\u00f1ada espec\u00edficamente para la delicada piel alrededor de los ojos. Con un\u00a0 86,66% de ingredientes ecol\u00f3gicos, esta f\u00f3rmula combina el poder hidratante y regenerador del extracto de Aloe Barbadensis con las propiedades rejuvenecedoras del \u00e1cido hialur\u00f3nico.<\/p>\n<p>El resultado es una crema ligera pero potente, que atiende a las necesidades espec\u00edficas de esta zona tan sensible, hidratando en profundidad, reduciendo la apariencia de las l\u00edneas finas y dejando una sensaci\u00f3n de frescura y juventud. Es el toque final perfecto para cualquier rutina de cuidado de la piel, aportando luminosidad y firmeza al contorno de ojos.<\/p>\n<hr \/>\n<h4><strong>INGREDIENTES<\/strong><\/h4>\n<p>Aqua, Aloe Barbadensis Leaf Juice*, Pullulan, Benzyl Alcohol, XanthanGum, Hydroxyethylcellulose, Benzoic Acid, Sodium Phytate, Dehydroacetic Acid, Sodium Hyaluronate, Citric Acid.<\/p>\n<p>(*) Ingredientes ecol\u00f3gicos certificados<\/p>\n<p>Cosm\u00e9ticos naturales con un 86,66% de ingredientes ecol\u00f3gicos (ecol\u00f3gicos y org\u00e1nicos)<\/p>\n<p><img loading=\"lazy\" decoding=\"async\" class=\"alignnone wp-image-1306\" src=\"https:\/\/labessebio.com\/wp-content\/uploads\/2023\/10\/LOGOVEGANCREMAALOEfblanco-300x300.png\" alt=\"\" width=\"100\" height=\"100\" srcset=\"https:\/\/labessebio.com\/wp-content\/uploads\/2023\/10\/LOGOVEGANCREMAALOEfblanco-300x300.png 300w, https:\/\/labessebio.com\/wp-content\/uploads\/2023\/10\/LOGOVEGANCREMAALOEfblanco-1024x1024.png 1024w, https:\/\/labessebio.com\/wp-content\/uploads\/2023\/10\/LOGOVEGANCREMAALOEfblanco-150x150.png 150w, https:\/\/labessebio.com\/wp-content\/uploads\/2023\/10\/LOGOVEGANCREMAALOEfblanco-768x768.png 768w, https:\/\/labessebio.com\/wp-content\/uploads\/2023\/10\/LOGOVEGANCREMAALOEfblanco-1536x1536.png 1536w, https:\/\/labessebio.com\/wp-content\/uploads\/2023\/10\/LOGOVEGANCREMAALOEfblanco-200x200.png 200w, https:\/\/labessebio.com\/wp-content\/uploads\/2023\/10\/LOGOVEGANCREMAALOEfblanco-100x100.png 100w, https:\/\/labessebio.com\/wp-content\/uploads\/2023\/10\/LOGOVEGANCREMAALOEfblanco.png 2000w\" sizes=\"auto, (max-width: 100px) 100vw, 100px\" \/> <img loading=\"lazy\" decoding=\"async\" class=\"alignnone wp-image-1305\" src=\"https:\/\/labessebio.com\/wp-content\/uploads\/2023\/10\/NATLOGOBIOALOECREMAfblanco-300x300.png\" alt=\"\" width=\"100\" height=\"100\" srcset=\"https:\/\/labessebio.com\/wp-content\/uploads\/2023\/10\/NATLOGOBIOALOECREMAfblanco-300x300.png 300w, https:\/\/labessebio.com\/wp-content\/uploads\/2023\/10\/NATLOGOBIOALOECREMAfblanco-1024x1024.png 1024w, https:\/\/labessebio.com\/wp-content\/uploads\/2023\/10\/NATLOGOBIOALOECREMAfblanco-150x150.png 150w, https:\/\/labessebio.com\/wp-content\/uploads\/2023\/10\/NATLOGOBIOALOECREMAfblanco-768x768.png 768w, https:\/\/labessebio.com\/wp-content\/uploads\/2023\/10\/NATLOGOBIOALOECREMAfblanco-1536x1536.png 1536w, https:\/\/labessebio.com\/wp-content\/uploads\/2023\/10\/NATLOGOBIOALOECREMAfblanco-200x200.png 200w, https:\/\/labessebio.com\/wp-content\/uploads\/2023\/10\/NATLOGOBIOALOECREMAfblanco-100x100.png 100w, https:\/\/labessebio.com\/wp-content\/uploads\/2023\/10\/NATLOGOBIOALOECREMAfblanco.png 2000w\" sizes=\"auto, (max-width: 100px) 100vw, 100px\" \/> <img loading=\"lazy\" decoding=\"async\" class=\"alignnone wp-image-1303\" src=\"https:\/\/labessebio.com\/wp-content\/uploads\/2023\/10\/BIOCREMAALOEfblanco-300x300.png\" alt=\"\" width=\"100\" height=\"100\" srcset=\"https:\/\/labessebio.com\/wp-content\/uploads\/2023\/10\/BIOCREMAALOEfblanco-300x300.png 300w, https:\/\/labessebio.com\/wp-content\/uploads\/2023\/10\/BIOCREMAALOEfblanco-1024x1024.png 1024w, https:\/\/labessebio.com\/wp-content\/uploads\/2023\/10\/BIOCREMAALOEfblanco-150x150.png 150w, https:\/\/labessebio.com\/wp-content\/uploads\/2023\/10\/BIOCREMAALOEfblanco-768x768.png 768w, https:\/\/labessebio.com\/wp-content\/uploads\/2023\/10\/BIOCREMAALOEfblanco-1536x1536.png 1536w, https:\/\/labessebio.com\/wp-content\/uploads\/2023\/10\/BIOCREMAALOEfblanco-200x200.png 200w, https:\/\/labessebio.com\/wp-content\/uploads\/2023\/10\/BIOCREMAALOEfblanco-100x100.png 100w, https:\/\/labessebio.com\/wp-content\/uploads\/2023\/10\/BIOCREMAALOEfblanco.png 2000w\" sizes=\"auto, (max-width: 100px) 100vw, 100px\" \/><\/p>\n<hr \/>\n<h4 style=\"text-align: center;\">ALOE VERA &#8211; PULLUL\u00c1N &#8211; \u00c1CIDO HIALUR\u00d3NICO<\/h4>\n<hr \/>\n<p><strong>Capacidad de 15ml<\/strong><\/p>\n<hr \/>\n<h4><strong>MODO DE EMPLEO<\/strong><\/h4>\n<p>Masajear suavemente el s\u00e9rum contorno de ojos en la piel por la ma\u00f1ana y por la noche, seguido de suaves golpecitos para activar la microcirculaci\u00f3n. Aplicar diariamente por la ma\u00f1ana y\/o por la noche.<\/p>\n","protected":false},"excerpt":{"rendered":"<p>F\u00f3rmula especializada para el \u00e1rea delicada de los ojos, enriquecida con extracto de Aloe Barbadensis y \u00e1cido hialur\u00f3nico. Hidrata, rejuvenece y minimiza l\u00edneas finas.<\/p>\n","protected":false},"featured_media":1335,"comment_status":"open","ping_status":"closed","template":"","meta":{"jetpack_post_was_ever_published":false},"product_brand":[],"product_cat":[50],"product_tag":[93],"class_list":{"0":"post-1333","1":"product","2":"type-product","3":"status-publish","4":"has-post-thumbnail","6":"product_cat-vintage","7":"product_tag-contorno-de-ojos","9":"first","10":"instock","11":"sale","12":"taxable","13":"shipping-taxable","14":"purchasable","15":"product-type-simple"},"yoast_head":"<!-- This site is optimized with the Yoast SEO plugin v27.4 - https:\/\/yoast.com\/product\/yoast-seo-wordpress\/ -->\n<title>Contorno de ojos Vint&#039;\u00e2ge - LABESSE BIO<\/title>\n<meta name=\"description\" content=\"F\u00f3rmula enriquecida con extracto de Aloe Barbadensis, \u00e1cido hialur\u00f3nico y pullul\u00e1n. Hidrata, rejuvenece y minimiza l\u00edneas finas.\u00a0\" \/>\n<meta name=\"robots\" content=\"index, follow, max-snippet:-1, max-image-preview:large, max-video-preview:-1\" \/>\n<link rel=\"canonical\" href=\"https:\/\/labessebio.com\/index.php\/producto\/contorno-de-ojos-vintage\/\" \/>\n<meta property=\"og:locale\" content=\"es_ES\" \/>\n<meta property=\"og:type\" content=\"article\" \/>\n<meta property=\"og:title\" content=\"Contorno de ojos Vint&#039;\u00e2ge - LABESSE BIO\" \/>\n<meta property=\"og:description\" content=\"F\u00f3rmula enriquecida con extracto de Aloe Barbadensis, \u00e1cido hialur\u00f3nico y pullul\u00e1n. Hidrata, rejuvenece y minimiza l\u00edneas finas.\u00a0\" \/>\n<meta property=\"og:url\" content=\"https:\/\/labessebio.com\/index.php\/producto\/contorno-de-ojos-vintage\/\" \/>\n<meta property=\"og:site_name\" content=\"LABESSE BIO\" \/>\n<meta property=\"article:modified_time\" content=\"2025-05-12T00:57:09+00:00\" \/>\n<meta property=\"og:image\" content=\"https:\/\/labessebio.com\/wp-content\/uploads\/2023\/10\/contour-yeux-vintage-labesse.jpg1000px.jpg\" \/>\n\t<meta property=\"og:image:width\" content=\"1000\" \/>\n\t<meta property=\"og:image:height\" content=\"1000\" \/>\n\t<meta property=\"og:image:type\" content=\"image\/jpeg\" \/>\n<meta name=\"twitter:card\" content=\"summary_large_image\" \/>\n<meta name=\"twitter:label1\" content=\"Tiempo de lectura\" \/>\n\t<meta name=\"twitter:data1\" content=\"2 minutos\" \/>\n<script type=\"application\/ld+json\" class=\"yoast-schema-graph\">{\"@context\":\"https:\\\/\\\/schema.org\",\"@graph\":[{\"@type\":\"WebPage\",\"@id\":\"https:\\\/\\\/labessebio.com\\\/index.php\\\/producto\\\/contorno-de-ojos-vintage\\\/\",\"url\":\"https:\\\/\\\/labessebio.com\\\/index.php\\\/producto\\\/contorno-de-ojos-vintage\\\/\",\"name\":\"Contorno de ojos Vint'\u00e2ge - LABESSE BIO\",\"isPartOf\":{\"@id\":\"https:\\\/\\\/labessebio.com\\\/#website\"},\"primaryImageOfPage\":{\"@id\":\"https:\\\/\\\/labessebio.com\\\/index.php\\\/producto\\\/contorno-de-ojos-vintage\\\/#primaryimage\"},\"image\":{\"@id\":\"https:\\\/\\\/labessebio.com\\\/index.php\\\/producto\\\/contorno-de-ojos-vintage\\\/#primaryimage\"},\"thumbnailUrl\":\"https:\\\/\\\/labessebio.com\\\/wp-content\\\/uploads\\\/2023\\\/10\\\/contour-yeux-vintage-labesse.jpg1000px.jpg\",\"datePublished\":\"2023-10-12T18:19:58+00:00\",\"dateModified\":\"2025-05-12T00:57:09+00:00\",\"description\":\"F\u00f3rmula enriquecida con extracto de Aloe Barbadensis, \u00e1cido hialur\u00f3nico y pullul\u00e1n. Hidrata, rejuvenece y minimiza l\u00edneas finas.\u00a0\",\"breadcrumb\":{\"@id\":\"https:\\\/\\\/labessebio.com\\\/index.php\\\/producto\\\/contorno-de-ojos-vintage\\\/#breadcrumb\"},\"inLanguage\":\"es\",\"potentialAction\":[{\"@type\":\"ReadAction\",\"target\":[\"https:\\\/\\\/labessebio.com\\\/index.php\\\/producto\\\/contorno-de-ojos-vintage\\\/\"]}]},{\"@type\":\"ImageObject\",\"inLanguage\":\"es\",\"@id\":\"https:\\\/\\\/labessebio.com\\\/index.php\\\/producto\\\/contorno-de-ojos-vintage\\\/#primaryimage\",\"url\":\"https:\\\/\\\/labessebio.com\\\/wp-content\\\/uploads\\\/2023\\\/10\\\/contour-yeux-vintage-labesse.jpg1000px.jpg\",\"contentUrl\":\"https:\\\/\\\/labessebio.com\\\/wp-content\\\/uploads\\\/2023\\\/10\\\/contour-yeux-vintage-labesse.jpg1000px.jpg\",\"width\":1000,\"height\":1000},{\"@type\":\"BreadcrumbList\",\"@id\":\"https:\\\/\\\/labessebio.com\\\/index.php\\\/producto\\\/contorno-de-ojos-vintage\\\/#breadcrumb\",\"itemListElement\":[{\"@type\":\"ListItem\",\"position\":1,\"name\":\"Portada\",\"item\":\"https:\\\/\\\/labessebio.com\\\/\"},{\"@type\":\"ListItem\",\"position\":2,\"name\":\"La tienda\",\"item\":\"https:\\\/\\\/labessebio.com\\\/index.php\\\/la-tienda\\\/\"},{\"@type\":\"ListItem\",\"position\":3,\"name\":\"Contorno de ojos Vint&#8217;\u00e2ge\"}]},{\"@type\":\"WebSite\",\"@id\":\"https:\\\/\\\/labessebio.com\\\/#website\",\"url\":\"https:\\\/\\\/labessebio.com\\\/\",\"name\":\"LABESSE BIO\",\"description\":\"Cosm\u00e9tica natural, bio y vegana\",\"publisher\":{\"@id\":\"https:\\\/\\\/labessebio.com\\\/#organization\"},\"potentialAction\":[{\"@type\":\"SearchAction\",\"target\":{\"@type\":\"EntryPoint\",\"urlTemplate\":\"https:\\\/\\\/labessebio.com\\\/?s={search_term_string}\"},\"query-input\":{\"@type\":\"PropertyValueSpecification\",\"valueRequired\":true,\"valueName\":\"search_term_string\"}}],\"inLanguage\":\"es\"},{\"@type\":\"Organization\",\"@id\":\"https:\\\/\\\/labessebio.com\\\/#organization\",\"name\":\"LABESSE BIO\",\"url\":\"https:\\\/\\\/labessebio.com\\\/\",\"logo\":{\"@type\":\"ImageObject\",\"inLanguage\":\"es\",\"@id\":\"https:\\\/\\\/labessebio.com\\\/#\\\/schema\\\/logo\\\/image\\\/\",\"url\":\"https:\\\/\\\/labessebio.com\\\/wp-content\\\/uploads\\\/2023\\\/09\\\/cropped-logolabesseweb-1.png\",\"contentUrl\":\"https:\\\/\\\/labessebio.com\\\/wp-content\\\/uploads\\\/2023\\\/09\\\/cropped-logolabesseweb-1.png\",\"width\":300,\"height\":129,\"caption\":\"LABESSE BIO\"},\"image\":{\"@id\":\"https:\\\/\\\/labessebio.com\\\/#\\\/schema\\\/logo\\\/image\\\/\"}}]}<\/script>\n<!-- \/ Yoast SEO plugin. -->","yoast_head_json":{"title":"Contorno de ojos Vint'\u00e2ge - LABESSE BIO","description":"F\u00f3rmula enriquecida con extracto de Aloe Barbadensis, \u00e1cido hialur\u00f3nico y pullul\u00e1n. Hidrata, rejuvenece y minimiza l\u00edneas finas.\u00a0","robots":{"index":"index","follow":"follow","max-snippet":"max-snippet:-1","max-image-preview":"max-image-preview:large","max-video-preview":"max-video-preview:-1"},"canonical":"https:\/\/labessebio.com\/index.php\/producto\/contorno-de-ojos-vintage\/","og_locale":"es_ES","og_type":"article","og_title":"Contorno de ojos Vint'\u00e2ge - LABESSE BIO","og_description":"F\u00f3rmula enriquecida con extracto de Aloe Barbadensis, \u00e1cido hialur\u00f3nico y pullul\u00e1n. Hidrata, rejuvenece y minimiza l\u00edneas finas.\u00a0","og_url":"https:\/\/labessebio.com\/index.php\/producto\/contorno-de-ojos-vintage\/","og_site_name":"LABESSE BIO","article_modified_time":"2025-05-12T00:57:09+00:00","og_image":[{"width":1000,"height":1000,"url":"https:\/\/labessebio.com\/wp-content\/uploads\/2023\/10\/contour-yeux-vintage-labesse.jpg1000px.jpg","type":"image\/jpeg"}],"twitter_card":"summary_large_image","twitter_misc":{"Tiempo de lectura":"2 minutos"},"schema":{"@context":"https:\/\/schema.org","@graph":[{"@type":"WebPage","@id":"https:\/\/labessebio.com\/index.php\/producto\/contorno-de-ojos-vintage\/","url":"https:\/\/labessebio.com\/index.php\/producto\/contorno-de-ojos-vintage\/","name":"Contorno de ojos Vint'\u00e2ge - LABESSE BIO","isPartOf":{"@id":"https:\/\/labessebio.com\/#website"},"primaryImageOfPage":{"@id":"https:\/\/labessebio.com\/index.php\/producto\/contorno-de-ojos-vintage\/#primaryimage"},"image":{"@id":"https:\/\/labessebio.com\/index.php\/producto\/contorno-de-ojos-vintage\/#primaryimage"},"thumbnailUrl":"https:\/\/labessebio.com\/wp-content\/uploads\/2023\/10\/contour-yeux-vintage-labesse.jpg1000px.jpg","datePublished":"2023-10-12T18:19:58+00:00","dateModified":"2025-05-12T00:57:09+00:00","description":"F\u00f3rmula enriquecida con extracto de Aloe Barbadensis, \u00e1cido hialur\u00f3nico y pullul\u00e1n. Hidrata, rejuvenece y minimiza l\u00edneas finas.\u00a0","breadcrumb":{"@id":"https:\/\/labessebio.com\/index.php\/producto\/contorno-de-ojos-vintage\/#breadcrumb"},"inLanguage":"es","potentialAction":[{"@type":"ReadAction","target":["https:\/\/labessebio.com\/index.php\/producto\/contorno-de-ojos-vintage\/"]}]},{"@type":"ImageObject","inLanguage":"es","@id":"https:\/\/labessebio.com\/index.php\/producto\/contorno-de-ojos-vintage\/#primaryimage","url":"https:\/\/labessebio.com\/wp-content\/uploads\/2023\/10\/contour-yeux-vintage-labesse.jpg1000px.jpg","contentUrl":"https:\/\/labessebio.com\/wp-content\/uploads\/2023\/10\/contour-yeux-vintage-labesse.jpg1000px.jpg","width":1000,"height":1000},{"@type":"BreadcrumbList","@id":"https:\/\/labessebio.com\/index.php\/producto\/contorno-de-ojos-vintage\/#breadcrumb","itemListElement":[{"@type":"ListItem","position":1,"name":"Portada","item":"https:\/\/labessebio.com\/"},{"@type":"ListItem","position":2,"name":"La tienda","item":"https:\/\/labessebio.com\/index.php\/la-tienda\/"},{"@type":"ListItem","position":3,"name":"Contorno de ojos Vint&#8217;\u00e2ge"}]},{"@type":"WebSite","@id":"https:\/\/labessebio.com\/#website","url":"https:\/\/labessebio.com\/","name":"LABESSE BIO","description":"Cosm\u00e9tica natural, bio y vegana","publisher":{"@id":"https:\/\/labessebio.com\/#organization"},"potentialAction":[{"@type":"SearchAction","target":{"@type":"EntryPoint","urlTemplate":"https:\/\/labessebio.com\/?s={search_term_string}"},"query-input":{"@type":"PropertyValueSpecification","valueRequired":true,"valueName":"search_term_string"}}],"inLanguage":"es"},{"@type":"Organization","@id":"https:\/\/labessebio.com\/#organization","name":"LABESSE BIO","url":"https:\/\/labessebio.com\/","logo":{"@type":"ImageObject","inLanguage":"es","@id":"https:\/\/labessebio.com\/#\/schema\/logo\/image\/","url":"https:\/\/labessebio.com\/wp-content\/uploads\/2023\/09\/cropped-logolabesseweb-1.png","contentUrl":"https:\/\/labessebio.com\/wp-content\/uploads\/2023\/09\/cropped-logolabesseweb-1.png","width":300,"height":129,"caption":"LABESSE BIO"},"image":{"@id":"https:\/\/labessebio.com\/#\/schema\/logo\/image\/"}}]}},"jetpack_sharing_enabled":true,"_links":{"self":[{"href":"https:\/\/labessebio.com\/index.php\/wp-json\/wp\/v2\/product\/1333","targetHints":{"allow":["GET"]}}],"collection":[{"href":"https:\/\/labessebio.com\/index.php\/wp-json\/wp\/v2\/product"}],"about":[{"href":"https:\/\/labessebio.com\/index.php\/wp-json\/wp\/v2\/types\/product"}],"replies":[{"embeddable":true,"href":"https:\/\/labessebio.com\/index.php\/wp-json\/wp\/v2\/comments?post=1333"}],"wp:featuredmedia":[{"embeddable":true,"href":"https:\/\/labessebio.com\/index.php\/wp-json\/wp\/v2\/media\/1335"}],"wp:attachment":[{"href":"https:\/\/labessebio.com\/index.php\/wp-json\/wp\/v2\/media?parent=1333"}],"wp:term":[{"taxonomy":"product_brand","embeddable":true,"href":"https:\/\/labessebio.com\/index.php\/wp-json\/wp\/v2\/product_brand?post=1333"},{"taxonomy":"product_cat","embeddable":true,"href":"https:\/\/labessebio.com\/index.php\/wp-json\/wp\/v2\/product_cat?post=1333"},{"taxonomy":"product_tag","embeddable":true,"href":"https:\/\/labessebio.com\/index.php\/wp-json\/wp\/v2\/product_tag?post=1333"}],"curies":[{"name":"wp","href":"https:\/\/api.w.org\/{rel}","templated":true}]}}