{"id":1284,"date":"2023-10-12T17:19:17","date_gmt":"2023-10-12T17:19:17","guid":{"rendered":"https:\/\/labessebio.com\/?post_type=product&#038;p=1284"},"modified":"2025-05-12T00:58:57","modified_gmt":"2025-05-12T00:58:57","slug":"leche-hidratante-corporal-con-leche-de-cabra-bio","status":"publish","type":"product","link":"https:\/\/labessebio.com\/index.php\/producto\/leche-hidratante-corporal-con-leche-de-cabra-bio\/","title":{"rendered":"Leche hidratante corporal con leche de cabra bio"},"content":{"rendered":"<hr \/>\n<h4><strong>DESCRIPCI\u00d3N<\/strong><\/h4>\n<p>Descubre la suavidad y la hidrataci\u00f3n profunda de esta loci\u00f3n corporal, elaborada con ingredientes cuidadosamente seleccionados. En el coraz\u00f3n de su f\u00f3rmula: leche de cabra ecol\u00f3gica, conocida por sus propiedades nutritivas y calmantes. Combinada con aloe vera bio, esta leche proporciona una hidrataci\u00f3n duradera y una sensaci\u00f3n inmediata de confort para la piel.<\/p>\n<p>La envolvente fragancia Mademoiselle se despliega delicadamente con cada aplicaci\u00f3n, sumergi\u00e9ndote en una atm\u00f3sfera refinada y elegante. Los aceites de girasol y arroz enriquecen esta leche con sus propiedades reparadoras, mientras que la manteca de karit\u00e9 bio le confiere una textura suave y fundente.<\/p>\n<hr \/>\n<h4><strong>INGREDIENTES<\/strong><\/h4>\n<p>Aqua, Caprae Lac *(20%), Aloe Barbadensis Leaf Juice *, Helianthus Annuus Seed Oil, Glycerin, Oryza Sativa (Rice) Bran Oil, Glyceryl Stearate Citrate, Cetearyl Alcohol, Butyrospermum Parkii Butter *, Cetyl Alcohol, Benzyl Alcohol, Parfum, Xanthan Gum, Sodium Phytate, Dehydroacetic Acid, Tocopherol, Sodium Hydroxyde, Linalool**, Hexyl Cinnamal**, Alpha-Isomethyl Ionone **, Citronellol **, Limonene **, Geraniol **.<\/p>\n<p>(*) Ingredientes procedentes de la agricultura ecol\u00f3gica<\/p>\n<p>(**) Ingredientes presentes en aceites esenciales o perfumes<\/p>\n<p>Cosm\u00e9ticos naturales con un 53,88% de ingredientes ecol\u00f3gicos.<\/p>\n<p><img loading=\"lazy\" decoding=\"async\" class=\"alignnone wp-image-1305\" src=\"https:\/\/labessebio.com\/wp-content\/uploads\/2023\/10\/NATLOGOBIOALOECREMAfblanco-300x300.png\" alt=\"\" width=\"100\" height=\"100\" srcset=\"https:\/\/labessebio.com\/wp-content\/uploads\/2023\/10\/NATLOGOBIOALOECREMAfblanco-300x300.png 300w, https:\/\/labessebio.com\/wp-content\/uploads\/2023\/10\/NATLOGOBIOALOECREMAfblanco-1024x1024.png 1024w, https:\/\/labessebio.com\/wp-content\/uploads\/2023\/10\/NATLOGOBIOALOECREMAfblanco-150x150.png 150w, https:\/\/labessebio.com\/wp-content\/uploads\/2023\/10\/NATLOGOBIOALOECREMAfblanco-768x768.png 768w, https:\/\/labessebio.com\/wp-content\/uploads\/2023\/10\/NATLOGOBIOALOECREMAfblanco-1536x1536.png 1536w, https:\/\/labessebio.com\/wp-content\/uploads\/2023\/10\/NATLOGOBIOALOECREMAfblanco-200x200.png 200w, https:\/\/labessebio.com\/wp-content\/uploads\/2023\/10\/NATLOGOBIOALOECREMAfblanco-100x100.png 100w, https:\/\/labessebio.com\/wp-content\/uploads\/2023\/10\/NATLOGOBIOALOECREMAfblanco.png 2000w\" sizes=\"auto, (max-width: 100px) 100vw, 100px\" \/><\/p>\n<hr \/>\n<h4 style=\"text-align: center;\">LECHE DE CABRA &#8211; ALOE VERA &#8211; ACEITE DE GIRASOL &#8211; ACEITE DE ARROZ &#8211; MANTECA DE KARIT\u00c9 &#8211; VITAMINE E<\/h4>\n<hr \/>\n<p><strong>Capacidad de 250ml<\/strong><\/p>\n<hr \/>\n<h4><strong>MODO DE EMPLEO<\/strong><\/h4>\n<p>Aplicar sobre la piel limpia y seca con movimientos circulares hasta su completa absorci\u00f3n. Usar diariamente o seg\u00fan necesidad.<\/p>\n","protected":false},"excerpt":{"rendered":"<p>Leche corporal con leche de cabra ecol\u00f3gica y aloe vera, enriquecida con el aroma de Mademoiselle. Aporta hidrataci\u00f3n intensa y una textura envolvente.<\/p>\n","protected":false},"featured_media":1287,"comment_status":"open","ping_status":"closed","template":"","meta":{"jetpack_post_was_ever_published":false},"product_brand":[],"product_cat":[48],"product_tag":[56,90],"class_list":{"0":"post-1284","1":"product","2":"type-product","3":"status-publish","4":"has-post-thumbnail","6":"product_cat-leche-de-cabra","7":"product_tag-cuerpo","8":"product_tag-leche-corporal-hidratante","10":"first","11":"instock","12":"sale","13":"taxable","14":"shipping-taxable","15":"purchasable","16":"product-type-simple"},"yoast_head":"<!-- This site is optimized with the Yoast SEO plugin v27.6 - https:\/\/yoast.com\/product\/yoast-seo-wordpress\/ -->\n<title>Leche hidratante corporal con leche de cabra bio - LABESSE BIO<\/title>\n<meta name=\"description\" content=\"Loci\u00f3n corporal con leche de cabra ecol\u00f3gica y aloe vera, enriquecida con el aroma de Mademoiselle. Aporta hidrataci\u00f3n intensa y una textura envolvente.\" \/>\n<meta name=\"robots\" content=\"index, follow, max-snippet:-1, max-image-preview:large, max-video-preview:-1\" \/>\n<link rel=\"canonical\" href=\"https:\/\/labessebio.com\/index.php\/producto\/leche-hidratante-corporal-con-leche-de-cabra-bio\/\" \/>\n<meta property=\"og:locale\" content=\"es_ES\" \/>\n<meta property=\"og:type\" content=\"article\" \/>\n<meta property=\"og:title\" content=\"Leche hidratante corporal con leche de cabra bio - LABESSE BIO\" \/>\n<meta property=\"og:description\" content=\"Loci\u00f3n corporal con leche de cabra ecol\u00f3gica y aloe vera, enriquecida con el aroma de Mademoiselle. Aporta hidrataci\u00f3n intensa y una textura envolvente.\" \/>\n<meta property=\"og:url\" content=\"https:\/\/labessebio.com\/index.php\/producto\/leche-hidratante-corporal-con-leche-de-cabra-bio\/\" \/>\n<meta property=\"og:site_name\" content=\"LABESSE BIO\" \/>\n<meta property=\"article:modified_time\" content=\"2025-05-12T00:58:57+00:00\" \/>\n<meta property=\"og:image\" content=\"https:\/\/labessebio.com\/wp-content\/uploads\/2023\/10\/LECHE-CORPORAL-CABRA.1000PX.jpg\" \/>\n\t<meta property=\"og:image:width\" content=\"1000\" \/>\n\t<meta property=\"og:image:height\" content=\"1000\" \/>\n\t<meta property=\"og:image:type\" content=\"image\/jpeg\" \/>\n<meta name=\"twitter:card\" content=\"summary_large_image\" \/>\n<meta name=\"twitter:label1\" content=\"Tiempo de lectura\" \/>\n\t<meta name=\"twitter:data1\" content=\"2 minutos\" \/>\n<script type=\"application\/ld+json\" class=\"yoast-schema-graph\">{\"@context\":\"https:\\\/\\\/schema.org\",\"@graph\":[{\"@type\":\"WebPage\",\"@id\":\"https:\\\/\\\/labessebio.com\\\/index.php\\\/producto\\\/leche-hidratante-corporal-con-leche-de-cabra-bio\\\/\",\"url\":\"https:\\\/\\\/labessebio.com\\\/index.php\\\/producto\\\/leche-hidratante-corporal-con-leche-de-cabra-bio\\\/\",\"name\":\"Leche hidratante corporal con leche de cabra bio - LABESSE BIO\",\"isPartOf\":{\"@id\":\"https:\\\/\\\/labessebio.com\\\/#website\"},\"primaryImageOfPage\":{\"@id\":\"https:\\\/\\\/labessebio.com\\\/index.php\\\/producto\\\/leche-hidratante-corporal-con-leche-de-cabra-bio\\\/#primaryimage\"},\"image\":{\"@id\":\"https:\\\/\\\/labessebio.com\\\/index.php\\\/producto\\\/leche-hidratante-corporal-con-leche-de-cabra-bio\\\/#primaryimage\"},\"thumbnailUrl\":\"https:\\\/\\\/labessebio.com\\\/wp-content\\\/uploads\\\/2023\\\/10\\\/LECHE-CORPORAL-CABRA.1000PX.jpg\",\"datePublished\":\"2023-10-12T17:19:17+00:00\",\"dateModified\":\"2025-05-12T00:58:57+00:00\",\"description\":\"Loci\u00f3n corporal con leche de cabra ecol\u00f3gica y aloe vera, enriquecida con el aroma de Mademoiselle. Aporta hidrataci\u00f3n intensa y una textura envolvente.\",\"breadcrumb\":{\"@id\":\"https:\\\/\\\/labessebio.com\\\/index.php\\\/producto\\\/leche-hidratante-corporal-con-leche-de-cabra-bio\\\/#breadcrumb\"},\"inLanguage\":\"es\",\"potentialAction\":[{\"@type\":\"ReadAction\",\"target\":[\"https:\\\/\\\/labessebio.com\\\/index.php\\\/producto\\\/leche-hidratante-corporal-con-leche-de-cabra-bio\\\/\"]}]},{\"@type\":\"ImageObject\",\"inLanguage\":\"es\",\"@id\":\"https:\\\/\\\/labessebio.com\\\/index.php\\\/producto\\\/leche-hidratante-corporal-con-leche-de-cabra-bio\\\/#primaryimage\",\"url\":\"https:\\\/\\\/labessebio.com\\\/wp-content\\\/uploads\\\/2023\\\/10\\\/LECHE-CORPORAL-CABRA.1000PX.jpg\",\"contentUrl\":\"https:\\\/\\\/labessebio.com\\\/wp-content\\\/uploads\\\/2023\\\/10\\\/LECHE-CORPORAL-CABRA.1000PX.jpg\",\"width\":1000,\"height\":1000},{\"@type\":\"BreadcrumbList\",\"@id\":\"https:\\\/\\\/labessebio.com\\\/index.php\\\/producto\\\/leche-hidratante-corporal-con-leche-de-cabra-bio\\\/#breadcrumb\",\"itemListElement\":[{\"@type\":\"ListItem\",\"position\":1,\"name\":\"Portada\",\"item\":\"https:\\\/\\\/labessebio.com\\\/\"},{\"@type\":\"ListItem\",\"position\":2,\"name\":\"La tienda\",\"item\":\"https:\\\/\\\/labessebio.com\\\/index.php\\\/la-tienda\\\/\"},{\"@type\":\"ListItem\",\"position\":3,\"name\":\"Leche hidratante corporal con leche de cabra bio\"}]},{\"@type\":\"WebSite\",\"@id\":\"https:\\\/\\\/labessebio.com\\\/#website\",\"url\":\"https:\\\/\\\/labessebio.com\\\/\",\"name\":\"LABESSE BIO\",\"description\":\"Cosm\u00e9tica natural, bio y vegana\",\"publisher\":{\"@id\":\"https:\\\/\\\/labessebio.com\\\/#organization\"},\"potentialAction\":[{\"@type\":\"SearchAction\",\"target\":{\"@type\":\"EntryPoint\",\"urlTemplate\":\"https:\\\/\\\/labessebio.com\\\/?s={search_term_string}\"},\"query-input\":{\"@type\":\"PropertyValueSpecification\",\"valueRequired\":true,\"valueName\":\"search_term_string\"}}],\"inLanguage\":\"es\"},{\"@type\":\"Organization\",\"@id\":\"https:\\\/\\\/labessebio.com\\\/#organization\",\"name\":\"LABESSE BIO\",\"url\":\"https:\\\/\\\/labessebio.com\\\/\",\"logo\":{\"@type\":\"ImageObject\",\"inLanguage\":\"es\",\"@id\":\"https:\\\/\\\/labessebio.com\\\/#\\\/schema\\\/logo\\\/image\\\/\",\"url\":\"https:\\\/\\\/labessebio.com\\\/wp-content\\\/uploads\\\/2023\\\/09\\\/cropped-logolabesseweb-1.png\",\"contentUrl\":\"https:\\\/\\\/labessebio.com\\\/wp-content\\\/uploads\\\/2023\\\/09\\\/cropped-logolabesseweb-1.png\",\"width\":300,\"height\":129,\"caption\":\"LABESSE BIO\"},\"image\":{\"@id\":\"https:\\\/\\\/labessebio.com\\\/#\\\/schema\\\/logo\\\/image\\\/\"}}]}<\/script>\n<!-- \/ Yoast SEO plugin. -->","yoast_head_json":{"title":"Leche hidratante corporal con leche de cabra bio - LABESSE BIO","description":"Loci\u00f3n corporal con leche de cabra ecol\u00f3gica y aloe vera, enriquecida con el aroma de Mademoiselle. Aporta hidrataci\u00f3n intensa y una textura envolvente.","robots":{"index":"index","follow":"follow","max-snippet":"max-snippet:-1","max-image-preview":"max-image-preview:large","max-video-preview":"max-video-preview:-1"},"canonical":"https:\/\/labessebio.com\/index.php\/producto\/leche-hidratante-corporal-con-leche-de-cabra-bio\/","og_locale":"es_ES","og_type":"article","og_title":"Leche hidratante corporal con leche de cabra bio - LABESSE BIO","og_description":"Loci\u00f3n corporal con leche de cabra ecol\u00f3gica y aloe vera, enriquecida con el aroma de Mademoiselle. Aporta hidrataci\u00f3n intensa y una textura envolvente.","og_url":"https:\/\/labessebio.com\/index.php\/producto\/leche-hidratante-corporal-con-leche-de-cabra-bio\/","og_site_name":"LABESSE BIO","article_modified_time":"2025-05-12T00:58:57+00:00","og_image":[{"width":1000,"height":1000,"url":"https:\/\/labessebio.com\/wp-content\/uploads\/2023\/10\/LECHE-CORPORAL-CABRA.1000PX.jpg","type":"image\/jpeg"}],"twitter_card":"summary_large_image","twitter_misc":{"Tiempo de lectura":"2 minutos"},"schema":{"@context":"https:\/\/schema.org","@graph":[{"@type":"WebPage","@id":"https:\/\/labessebio.com\/index.php\/producto\/leche-hidratante-corporal-con-leche-de-cabra-bio\/","url":"https:\/\/labessebio.com\/index.php\/producto\/leche-hidratante-corporal-con-leche-de-cabra-bio\/","name":"Leche hidratante corporal con leche de cabra bio - LABESSE BIO","isPartOf":{"@id":"https:\/\/labessebio.com\/#website"},"primaryImageOfPage":{"@id":"https:\/\/labessebio.com\/index.php\/producto\/leche-hidratante-corporal-con-leche-de-cabra-bio\/#primaryimage"},"image":{"@id":"https:\/\/labessebio.com\/index.php\/producto\/leche-hidratante-corporal-con-leche-de-cabra-bio\/#primaryimage"},"thumbnailUrl":"https:\/\/labessebio.com\/wp-content\/uploads\/2023\/10\/LECHE-CORPORAL-CABRA.1000PX.jpg","datePublished":"2023-10-12T17:19:17+00:00","dateModified":"2025-05-12T00:58:57+00:00","description":"Loci\u00f3n corporal con leche de cabra ecol\u00f3gica y aloe vera, enriquecida con el aroma de Mademoiselle. Aporta hidrataci\u00f3n intensa y una textura envolvente.","breadcrumb":{"@id":"https:\/\/labessebio.com\/index.php\/producto\/leche-hidratante-corporal-con-leche-de-cabra-bio\/#breadcrumb"},"inLanguage":"es","potentialAction":[{"@type":"ReadAction","target":["https:\/\/labessebio.com\/index.php\/producto\/leche-hidratante-corporal-con-leche-de-cabra-bio\/"]}]},{"@type":"ImageObject","inLanguage":"es","@id":"https:\/\/labessebio.com\/index.php\/producto\/leche-hidratante-corporal-con-leche-de-cabra-bio\/#primaryimage","url":"https:\/\/labessebio.com\/wp-content\/uploads\/2023\/10\/LECHE-CORPORAL-CABRA.1000PX.jpg","contentUrl":"https:\/\/labessebio.com\/wp-content\/uploads\/2023\/10\/LECHE-CORPORAL-CABRA.1000PX.jpg","width":1000,"height":1000},{"@type":"BreadcrumbList","@id":"https:\/\/labessebio.com\/index.php\/producto\/leche-hidratante-corporal-con-leche-de-cabra-bio\/#breadcrumb","itemListElement":[{"@type":"ListItem","position":1,"name":"Portada","item":"https:\/\/labessebio.com\/"},{"@type":"ListItem","position":2,"name":"La tienda","item":"https:\/\/labessebio.com\/index.php\/la-tienda\/"},{"@type":"ListItem","position":3,"name":"Leche hidratante corporal con leche de cabra bio"}]},{"@type":"WebSite","@id":"https:\/\/labessebio.com\/#website","url":"https:\/\/labessebio.com\/","name":"LABESSE BIO","description":"Cosm\u00e9tica natural, bio y vegana","publisher":{"@id":"https:\/\/labessebio.com\/#organization"},"potentialAction":[{"@type":"SearchAction","target":{"@type":"EntryPoint","urlTemplate":"https:\/\/labessebio.com\/?s={search_term_string}"},"query-input":{"@type":"PropertyValueSpecification","valueRequired":true,"valueName":"search_term_string"}}],"inLanguage":"es"},{"@type":"Organization","@id":"https:\/\/labessebio.com\/#organization","name":"LABESSE BIO","url":"https:\/\/labessebio.com\/","logo":{"@type":"ImageObject","inLanguage":"es","@id":"https:\/\/labessebio.com\/#\/schema\/logo\/image\/","url":"https:\/\/labessebio.com\/wp-content\/uploads\/2023\/09\/cropped-logolabesseweb-1.png","contentUrl":"https:\/\/labessebio.com\/wp-content\/uploads\/2023\/09\/cropped-logolabesseweb-1.png","width":300,"height":129,"caption":"LABESSE BIO"},"image":{"@id":"https:\/\/labessebio.com\/#\/schema\/logo\/image\/"}}]}},"jetpack_sharing_enabled":true,"_links":{"self":[{"href":"https:\/\/labessebio.com\/index.php\/wp-json\/wp\/v2\/product\/1284","targetHints":{"allow":["GET"]}}],"collection":[{"href":"https:\/\/labessebio.com\/index.php\/wp-json\/wp\/v2\/product"}],"about":[{"href":"https:\/\/labessebio.com\/index.php\/wp-json\/wp\/v2\/types\/product"}],"replies":[{"embeddable":true,"href":"https:\/\/labessebio.com\/index.php\/wp-json\/wp\/v2\/comments?post=1284"}],"wp:featuredmedia":[{"embeddable":true,"href":"https:\/\/labessebio.com\/index.php\/wp-json\/wp\/v2\/media\/1287"}],"wp:attachment":[{"href":"https:\/\/labessebio.com\/index.php\/wp-json\/wp\/v2\/media?parent=1284"}],"wp:term":[{"taxonomy":"product_brand","embeddable":true,"href":"https:\/\/labessebio.com\/index.php\/wp-json\/wp\/v2\/product_brand?post=1284"},{"taxonomy":"product_cat","embeddable":true,"href":"https:\/\/labessebio.com\/index.php\/wp-json\/wp\/v2\/product_cat?post=1284"},{"taxonomy":"product_tag","embeddable":true,"href":"https:\/\/labessebio.com\/index.php\/wp-json\/wp\/v2\/product_tag?post=1284"}],"curies":[{"name":"wp","href":"https:\/\/api.w.org\/{rel}","templated":true}]}}